{"id":86,"date":"2020-03-23T11:30:41","date_gmt":"2020-03-23T11:30:41","guid":{"rendered":"https:\/\/demosites.io\/rokophoto-gb\/?page_id=86"},"modified":"2026-01-13T15:17:46","modified_gmt":"2026-01-13T15:17:46","slug":"98ee9-home","status":"publish","type":"page","link":"https:\/\/tussentijddialogen.nl\/?page_id=86","title":{"rendered":"HOME"},"content":{"rendered":"\t\t<div data-elementor-type=\"wp-page\" data-elementor-id=\"86\" class=\"elementor elementor-86\">\n\t\t\t\t\t\t<section class=\"elementor-section elementor-top-section elementor-element elementor-element-53708587 elementor-section-boxed elementor-section-height-default elementor-section-height-default\" data-id=\"53708587\" data-element_type=\"section\">\n\t\t\t\t\t\t<div class=\"elementor-container elementor-column-gap-default\">\n\t\t\t\t\t<div class=\"elementor-column elementor-col-100 elementor-top-column elementor-element elementor-element-74748084\" data-id=\"74748084\" data-element_type=\"column\">\n\t\t\t<div class=\"elementor-widget-wrap elementor-element-populated\">\n\t\t\t\t\t\t<div class=\"elementor-element elementor-element-a8345c0 elementor-widget elementor-widget-text-editor\" data-id=\"a8345c0\" data-element_type=\"widget\" data-widget_type=\"text-editor.default\">\n\t\t\t\t<div class=\"elementor-widget-container\">\n\t\t\t\t\t\t\t\t\t<div>\n<div>\n\n<\/div>\n<div>\n<p><\/p>\n<div>\n<p><\/p>\n<h2>TUSSENTIJD DIALOGEN<\/h2>\n<p><\/p>\n<\/div>\n<p><\/p>\n<\/div>\n<\/div>\n<p><!-- \/wp:themeisle-blocks\/advanced-columns --><\/p>\n<p><!-- wp:themeisle-blocks\/advanced-columns {\"id\":\"wp-block-themeisle-blocks-advanced-columns-faf635ef\",\"columns\":1,\"layout\":\"equal\",\"layoutMobile\":\"collapsedRows\",\"padding\":{\"top\":\"80px\",\"bottom\":\"80px\",\"left\":\"20px\",\"right\":\"20px\"},\"paddingTablet\":{\"top\":null,\"bottom\":null,\"left\":null,\"right\":null},\"paddingMobile\":{\"top\":null,\"bottom\":null,\"left\":null,\"right\":null},\"margin\":{\"top\":\"0px\",\"bottom\":\"0px\"},\"marginTablet\":{\"top\":null,\"bottom\":null},\"marginMobile\":{\"top\":null,\"bottom\":null},\"columnsWidth\":1101,\"horizontalAlign\":\"center\",\"backgroundColor\":\"var(\\u002d\\u002dnv-light-bg)\",\"backgroundPosition\":{\"x\":\"0.00\",\"y\":\"0.00\"},\"backgroundOverlayPosition\":{\"x\":\"0.00\",\"y\":\"0.00\"},\"border\":{\"top\":\"0px\",\"bottom\":\"0px\",\"left\":\"0px\",\"right\":\"0px\"},\"borderRadius\":{\"top\":\"0px\",\"bottom\":\"0px\",\"left\":\"0px\",\"right\":\"0px\"},\"align\":\"full\",\"className\":\"has-light-bg\",\"otterConditions\":[]} --><\/p>\n<div>\n<div>\u00a0<\/div>\n<div>\n<p><!-- wp:themeisle-blocks\/advanced-column {\"id\":\"wp-block-themeisle-blocks-advanced-column-bb237b6e\",\"columnWidth\":\"100\",\"className\":\"\"} --><\/p>\n<div>\n<p><!-- wp:heading {\"textAlign\":\"center\"} --><\/p>\n<h2>De tussentijd is tijd om in actie te komen\u00a0<\/h2>\n<p><!-- \/wp:heading --><\/p>\n<p><!-- wp:paragraph {\"align\":\"center\"} --><\/p>\n<p>De Tussentijd is de tijd tussen het oude bekende en het nieuwe onbekende. Een tijd van wel willen maar nog niet helemaal kunnen. Je weet dat je het oude gaat loslaten terwijl nog onzeker is hoe het nieuwe er uit gaat zien. In tijden van verandering, of verandering van tijd, willen wij je uitnodigen om de Tussentijd te gebruiken om in beweging te komen en het onbekende te gaan verkennen.<\/p>\n<p><!-- \/wp:paragraph --><\/p>\n<p><!-- wp:paragraph {\"align\":\"center\"} --><\/p>\n<p><strong>VOOR WIE<\/strong><\/p>\n<p><!-- \/wp:paragraph --><\/p>\n<p><!-- wp:paragraph {\"align\":\"center\"} --><\/p>\n<!--StartFragment--><!--EndFragment-->\n<p><span style=\"color: black; font-family: 'Calibri Light'; font-size: 16pt;\">De Tussentijd Dialogen is gericht op organisaties met een transitieopdracht.\u00a0<\/span>Je hebt een leidinggevende positie en als je naar de toekomst kijkt, dan weet je dat verandering in je organisatie nodig is. Je hebt genoeg idee\u00ebn waar je met je team naar toe wilt maar de dagelijkse operatie vraagt al je tijd. Hoe cre\u00eber je gelegenheid om de urgente uitdagingen van de toekomst de aandacht te geven die nodig is? Welke idee\u00ebn leven er om een andere richting in te slaan, hoe ga je om met onzekerheid en wat is er nodig om daardoorheen te komen? Stap in de Tussentijd en kom met elkaar in beweging om jullie transitie in woorden en daden vorm te geven.<\/p>\n<\/div>\n<\/div>\n<\/div>\n<div>\n<div>\n<p><!-- wp:themeisle-blocks\/advanced-column {\"id\":\"wp-block-themeisle-blocks-advanced-column-506cf6c7\",\"padding\":{\"top\":\"80px\",\"bottom\":\"80px\",\"left\":\"20px\",\"right\":\"20px\"},\"paddingTablet\":{\"top\":null,\"bottom\":null,\"left\":null,\"right\":null},\"paddingMobile\":{\"top\":null,\"bottom\":null,\"left\":null,\"right\":null},\"margin\":{\"top\":\"20px\",\"bottom\":\"20px\",\"left\":\"0px\",\"right\":\"0px\"},\"marginTablet\":{\"top\":null,\"bottom\":null,\"left\":null,\"right\":null},\"marginMobile\":{\"top\":\"0px\",\"bottom\":\"0px\",\"left\":null,\"right\":null},\"backgroundPosition\":{\"x\":\"0.00\",\"y\":\"0.00\"},\"border\":{\"top\":\"0px\",\"bottom\":\"0px\",\"left\":\"0px\",\"right\":\"0px\"},\"borderRadius\":{\"top\":\"0px\",\"bottom\":\"0px\",\"left\":\"0px\",\"right\":\"0px\"},\"columnWidth\":\"50\",\"className\":\"\",\"otterConditions\":[]} --><\/p>\n<div>\n<p><!-- wp:themeisle-blocks\/advanced-heading {\"id\":\"wp-block-themeisle-blocks-advanced-heading-df2e022d\",\"headingColor\":\"#ffffff\",\"className\":\"\"} --><\/p>\n<h2>OVER ONS<\/h2>\n<p><!-- \/wp:themeisle-blocks\/advanced-heading --><\/p>\n<p><!-- wp:paragraph --><\/p>\n<p>Als CEO van Blauw Research heeft Els Molenaar aan den lijve ondervonden wat het betekent om met je organisatie in transitie te zijn en welke impact dit heeft. Els is als economisch geograaf gewend om vraagstukken in context te plaatsen en weet met haar ruime ervaring in marktonderzoek de juiste vragen te stellen. Inmiddels begeleidt ze organisatie in verandering, met veel enthousiasme en grote betrokkenheid. \u2018Als je de tussentijd goed benut, kun je daarna sneller en met meer plezier veranderen\u2019. (<a href=\"https:\/\/www.linkedin.com\/in\/elsmolenaar\/\" target=\"_blank\" rel=\"noreferrer noopener\">LinkedIn<\/a>)<\/p>\n<p><!-- \/wp:paragraph --><\/p>\n<p><!-- wp:paragraph --><\/p>\n<p>Egge van der Poel is gepromoveerd in de experimentele deeltjesfysica bij CERN en deed daarnaast een Bachelor als filosoof. Als b\u00e8ta met een alfarandje heeft hij een nieuwsgierige aard en een passie voor communicatie. In zijn bestseller Geheelmeesters pleit hij voor meer bravoure aan het roer. Met expertise over de grensvlakken van Artifici\u00eble Intelligentie, Complexiteit en Leiderschap heen zoekt hij manieren om het nog niet benut potentieel in organisaties slimmer te gebruiken. &#8216;De tussentijd biedt ons een enorme kans nieuwe randvoorwaarden voor samen leren vorm te geven.&#8217; (<a href=\"https:\/\/www.linkedin.com\/in\/eggevanderpoel\/\" target=\"_blank\" rel=\"noreferrer noopener\">LinkedIn<\/a>)<\/p>\n<p><!-- \/wp:paragraph --><\/p>\n<p><!-- wp:spacer {\"height\":\"50px\",\"otterConditions\":[]} --><\/p>\n<div style=\"height: 50px;\" aria-hidden=\"true\">\u00a0<\/div>\n<p><!-- \/wp:spacer --><\/p>\n<\/div>\n<p><!-- \/wp:themeisle-blocks\/advanced-column --><\/p>\n<p><!-- wp:themeisle-blocks\/advanced-column {\"id\":\"wp-block-themeisle-blocks-advanced-column-cd35218e\",\"columnWidth\":\"50\",\"className\":\"\"} --><\/p>\n<div>\n<p><!-- wp:image {\"id\":258,\"width\":171,\"height\":256,\"sizeSlug\":\"large\",\"linkDestination\":\"none\"} --><\/p>\n<figure><img decoding=\"async\" src=\"https:\/\/tussentijddialogen.nl\/wp-content\/uploads\/2023\/05\/Els-april-2021-685x1024.jpeg\" alt=\"\" width=\"171\" height=\"256\" \/><\/figure>\n<p><!-- \/wp:image --><\/p>\n<p><!-- wp:image {\"id\":257,\"width\":171,\"height\":256,\"sizeSlug\":\"large\",\"linkDestination\":\"none\"} --><\/p>\n<figure><img decoding=\"async\" src=\"https:\/\/tussentijddialogen.nl\/wp-content\/uploads\/2023\/05\/EggeVanDerPoel-2022-683x1024.jpg\" alt=\"\" width=\"171\" height=\"256\" \/><\/figure>\n<p><!-- \/wp:image --><\/p>\n<\/div>\n<p><!-- \/wp:themeisle-blocks\/advanced-column --><\/p>\n<\/div>\n<\/div>\n<p><!-- \/wp:themeisle-blocks\/advanced-columns --><\/p>\n<p><!-- wp:themeisle-blocks\/advanced-columns {\"id\":\"wp-block-themeisle-blocks-advanced-columns-ad608390\",\"columns\":1,\"layout\":\"equal\",\"layoutMobile\":\"collapsedRows\",\"padding\":{\"top\":\"80px\",\"bottom\":\"80px\",\"left\":\"20px\",\"right\":\"20px\"},\"paddingTablet\":{\"top\":null,\"bottom\":null,\"left\":null,\"right\":null},\"paddingMobile\":{\"top\":null,\"bottom\":null,\"left\":null,\"right\":null},\"margin\":{\"top\":\"0px\",\"bottom\":\"0px\"},\"marginTablet\":{\"top\":null,\"bottom\":null},\"marginMobile\":{\"top\":null,\"bottom\":null},\"columnsWidth\":1101,\"horizontalAlign\":\"center\",\"backgroundColor\":\"var(\\u002d\\u002dnv-light-bg)\",\"backgroundPosition\":{\"x\":\"0.00\",\"y\":\"0.00\"},\"backgroundOverlayOpacity\":25,\"backgroundOverlayColor\":\"var(\\u002d\\u002dnv-text-dark-bg)\",\"backgroundOverlayPosition\":{\"x\":\"0.00\",\"y\":\"0.00\"},\"border\":{\"top\":\"0px\",\"bottom\":\"0px\",\"left\":\"0px\",\"right\":\"0px\"},\"borderRadius\":{\"top\":\"0px\",\"bottom\":\"0px\",\"left\":\"0px\",\"right\":\"0px\"},\"align\":\"full\",\"className\":\"has-light-bg\",\"otterConditions\":[]} --><\/p>\n<div>\n<div>\u00a0<\/div>\n<div>\n<p><!-- wp:themeisle-blocks\/advanced-column {\"id\":\"wp-block-themeisle-blocks-advanced-column-edeb107a\",\"columnWidth\":\"100\",\"className\":\"\"} --><\/p>\n<div>\n<p><!-- wp:heading {\"textAlign\":\"center\"} --><\/p>\n<h2>Onze aanpak<\/h2>\n<p><!-- \/wp:heading --><\/p>\n<p><!-- wp:paragraph {\"align\":\"center\"} --><\/p>\n<p>We noemen ons programma De Tussentijd Dialogen. De dialoogvorm is een goede manier om ieders ervaringen, idee\u00ebn en gevoelens te delen en om de inzichten die dit oplevert verder met elkaar te verkennen. Het programma bestaat uit 5 dialogen, van elk 3 uur. Door met elkaar anders te kijken, te vragen, te luisteren en te reflecteren, cre\u00ebren we de perfecte gelegenheid om een gezamenlijk toekomstperspectief te formuleren.<\/p>\n<p><!-- \/wp:paragraph --><\/p>\n<p><!-- wp:paragraph {\"align\":\"center\"} --><\/p>\n<p><strong>WAT LEVERT HET JE OP?<\/strong><\/p>\n<p><!-- \/wp:paragraph --><\/p>\n<p><!-- wp:paragraph {\"align\":\"center\"} --><\/p>\n<p>Een gedeeld toekomstperspectief in 15 uur. Als resultaat van een beproefd programma waarin externe trends en persoonlijke dromen worden meegenomen. We cre\u00ebren openheid om nieuwe wegen en rollen te verkennen en jullie formuleren concrete acties om samen volgende stappen te zetten. Zo kun je goed voorbereid aan een transitie beginnen en kan de Tussentijd ten volle worden benut.<\/p>\n<p><strong>PODCAST<\/strong><\/p>\n<p><!-- \/wp:paragraph --><\/p>\n<p><!-- wp:paragraph {\"align\":\"center\"} --><\/p>\n<p>Luister <a href=\"https:\/\/tussentijddialogen.nl\/podcast.mp3\" target=\"_blank\" rel=\"noopener\">hier een gesprek tussen Els en Egge<\/a> over de motivatie en visie achter De Tussentijd Dialogen.<\/p>\n<p><strong>TESTIMONIAL<\/strong><\/p>\n<p><!-- \/wp:paragraph --><\/p>\n<p><!-- wp:paragraph {\"align\":\"center\"} --><\/p>\n<p>Luister <a href=\"https:\/\/tussentijddialogen.nl\/Interviews-Transitie010.mp3\" target=\"_blank\" rel=\"noopener\">hier naar reacties van deelnemers<\/a> na een ontbijtsessie bij Transitie010.<\/p>\n<\/div>\n<\/div>\n<\/div>\n<div>\n<div>\n<div>\n<div>\n<div>\n<p><!-- \/wp:themeisle-blocks\/font-awesome-icons --><\/p>\n<p><!-- wp:themeisle-blocks\/advanced-heading {\"id\":\"wp-block-themeisle-blocks-advanced-heading-4cab882e\",\"tag\":\"h4\",\"align\":\"center\",\"headingColor\":\"var(\\u002d\\u002dnv-text-color)\",\"marginBottom\":10,\"className\":\"\"} --><\/p>\n<p><img decoding=\"async\" src=\"https:\/\/tussentijddialogen.nl\/wp-content\/uploads\/2024\/02\/wind-150x150.png\" alt=\"\" width=\"150\" height=\"150\" \/><\/p>\n<h4>Onderstroom<\/h4>\n<p><!-- \/wp:themeisle-blocks\/advanced-heading --><\/p>\n<p><!-- wp:paragraph {\"align\":\"center\",\"textColor\":\"neve-text-color\"} --><\/p>\n<p>Waarnemen, trends herkennen<\/p>\n<p><!-- \/wp:paragraph --><\/p>\n<\/div>\n<p><!-- \/wp:group --><\/p>\n<\/div>\n<p><!-- \/wp:group --><\/p>\n<\/div>\n<p><!-- \/wp:themeisle-blocks\/advanced-column --><\/p>\n<p><!-- wp:themeisle-blocks\/advanced-column {\"id\":\"wp-block-themeisle-blocks-advanced-column-170b9285\",\"padding\":{\"top\":\"20px\",\"bottom\":\"20px\",\"left\":\"20px\",\"right\":\"20px\"},\"paddingTablet\":{\"top\":null,\"bottom\":null,\"left\":null,\"right\":null},\"paddingMobile\":{\"top\":null,\"bottom\":null,\"left\":null,\"right\":null},\"margin\":{\"top\":\"20px\",\"bottom\":\"20px\",\"left\":\"0px\",\"right\":\"0px\"},\"marginTablet\":{\"top\":null,\"bottom\":null,\"left\":null,\"right\":null},\"marginMobile\":{\"top\":\"0px\",\"bottom\":null,\"left\":null,\"right\":null},\"backgroundPosition\":{\"x\":\"0.00\",\"y\":\"0.00\"},\"border\":{\"top\":\"0px\",\"bottom\":\"0px\",\"left\":\"0px\",\"right\":\"0px\"},\"borderRadius\":{\"top\":\"0px\",\"bottom\":\"0px\",\"left\":\"0px\",\"right\":\"0px\"},\"columnWidth\":\"20\",\"className\":\"\",\"otterConditions\":[]} --><\/p>\n<div>\n<p><!-- wp:group {\"layout\":{\"type\":\"constrained\"}} --><\/p>\n<div>\n<p><!-- wp:themeisle-blocks\/font-awesome-icons {\"id\":\"wp-block-themeisle-blocks-font-awesome-icons-dc98d39a\",\"prefix\":\"far\",\"icon\":\"eye\",\"fontSize\":40,\"textColor\":\"var(\\u002d\\u002dnv-primary-accent)\",\"otterConditions\":[]} --><\/p>\n<div><img loading=\"lazy\" decoding=\"async\" src=\"https:\/\/tussentijddialogen.nl\/wp-content\/uploads\/2024\/02\/inspiration-150x150.png\" alt=\"\" width=\"150\" height=\"150\" \/><\/div>\n<p><!-- \/wp:themeisle-blocks\/font-awesome-icons --><\/p>\n<p><!-- wp:themeisle-blocks\/advanced-heading {\"id\":\"wp-block-themeisle-blocks-advanced-heading-836fdbec\",\"tag\":\"h4\",\"align\":\"center\",\"headingColor\":\"var(\\u002d\\u002dnv-text-color)\",\"marginBottom\":10,\"className\":\"\"} --><\/p>\n<h4>Verbeelding<\/h4>\n<p><!-- \/wp:themeisle-blocks\/advanced-heading --><\/p>\n<p><!-- wp:paragraph {\"align\":\"center\",\"textColor\":\"neve-text-color\"} --><\/p>\n<p>Toekomst zelf vorm geven, dromen<\/p>\n<\/div>\n<\/div>\n<div>\n<div>\n<p><!-- \/wp:themeisle-blocks\/font-awesome-icons --><\/p>\n<p><!-- wp:themeisle-blocks\/advanced-heading {\"id\":\"wp-block-themeisle-blocks-advanced-heading-dc433383\",\"tag\":\"h4\",\"align\":\"center\",\"headingColor\":\"var(\\u002d\\u002dnv-text-color)\",\"marginBottom\":10,\"className\":\"\"} --><\/p>\n<p><img loading=\"lazy\" decoding=\"async\" src=\"https:\/\/tussentijddialogen.nl\/wp-content\/uploads\/2024\/02\/difficulties-150x150.png\" alt=\"\" width=\"150\" height=\"150\" \/><\/p>\n<h4>Uitdaging<\/h4>\n<p><!-- \/wp:themeisle-blocks\/advanced-heading --><\/p>\n<p><!-- wp:paragraph {\"align\":\"center\",\"textColor\":\"neve-text-color\"} --><\/p>\n<p>Spelregels en weerstand<\/p>\n<p><!-- \/wp:paragraph --><\/p>\n<\/div>\n<p><!-- \/wp:group --><\/p>\n<\/div>\n<p><!-- \/wp:themeisle-blocks\/advanced-column --><\/p>\n<p><!-- wp:themeisle-blocks\/advanced-column {\"id\":\"wp-block-themeisle-blocks-advanced-column-da093807\",\"padding\":{\"top\":\"20px\",\"bottom\":\"20px\",\"left\":\"20px\",\"right\":\"20px\"},\"paddingTablet\":{\"top\":null,\"bottom\":null,\"left\":null,\"right\":null},\"paddingMobile\":{\"top\":null,\"bottom\":null,\"left\":null,\"right\":null},\"margin\":{\"top\":\"20px\",\"bottom\":\"20px\",\"left\":\"0px\",\"right\":\"0px\"},\"marginTablet\":{\"top\":null,\"bottom\":null,\"left\":null,\"right\":null},\"marginMobile\":{\"top\":\"0px\",\"bottom\":null,\"left\":null,\"right\":null},\"backgroundPosition\":{\"x\":\"0.00\",\"y\":\"0.00\"},\"border\":{\"top\":\"0px\",\"bottom\":\"0px\",\"left\":\"0px\",\"right\":\"0px\"},\"borderRadius\":{\"top\":\"0px\",\"bottom\":\"0px\",\"left\":\"0px\",\"right\":\"0px\"},\"columnWidth\":\"20\",\"className\":\"\",\"otterConditions\":[]} --><\/p>\n<div>\n<p><!-- wp:group {\"layout\":{\"type\":\"constrained\"}} --><\/p>\n<div>\n<p><!-- wp:themeisle-blocks\/font-awesome-icons {\"id\":\"wp-block-themeisle-blocks-font-awesome-icons-a16ff568\",\"prefix\":\"fas\",\"icon\":\"hands-helping\",\"fontSize\":40,\"textColor\":\"var(\\u002d\\u002dnv-primary-accent)\",\"otterConditions\":[]} --><\/p>\n<div><img loading=\"lazy\" decoding=\"async\" src=\"https:\/\/tussentijddialogen.nl\/wp-content\/uploads\/2024\/02\/leadership-150x150.png\" alt=\"\" width=\"150\" height=\"150\" \/><\/div>\n<p><!-- \/wp:themeisle-blocks\/font-awesome-icons --><\/p>\n<p><!-- wp:themeisle-blocks\/advanced-heading {\"id\":\"wp-block-themeisle-blocks-advanced-heading-8997a117\",\"tag\":\"h4\",\"align\":\"center\",\"headingColor\":\"var(\\u002d\\u002dnv-text-color)\",\"marginBottom\":10,\"className\":\"\"} --><\/p>\n<h4>Leiderschap<\/h4>\n<p><!-- \/wp:themeisle-blocks\/advanced-heading --><\/p>\n<p><!-- wp:paragraph {\"align\":\"center\",\"textColor\":\"neve-text-color\"} --><\/p>\n<p>Transformatie van leiderschap<\/p>\n<p><!-- \/wp:paragraph --><\/p>\n<\/div>\n<p><!-- \/wp:group --><\/p>\n<\/div>\n<p><!-- \/wp:themeisle-blocks\/advanced-column --><\/p>\n<p><!-- wp:themeisle-blocks\/advanced-column {\"id\":\"wp-block-themeisle-blocks-advanced-column-8da9c51d\",\"padding\":{\"top\":\"20px\",\"bottom\":\"20px\",\"left\":\"20px\",\"right\":\"20px\"},\"paddingTablet\":{\"top\":null,\"bottom\":null,\"left\":null,\"right\":null},\"paddingMobile\":{\"top\":null,\"bottom\":null,\"left\":null,\"right\":null},\"margin\":{\"top\":\"20px\",\"bottom\":\"20px\",\"left\":\"0px\",\"right\":\"0px\"},\"marginTablet\":{\"top\":null,\"bottom\":null,\"left\":null,\"right\":null},\"marginMobile\":{\"top\":\"0px\",\"bottom\":null,\"left\":null,\"right\":null},\"backgroundPosition\":{\"x\":\"0.00\",\"y\":\"0.00\"},\"border\":{\"top\":\"0px\",\"bottom\":\"0px\",\"left\":\"0px\",\"right\":\"0px\"},\"borderRadius\":{\"top\":\"0px\",\"bottom\":\"0px\",\"left\":\"0px\",\"right\":\"0px\"},\"columnWidth\":\"20\",\"className\":\"\",\"otterConditions\":[]} --><\/p>\n<div>\n<p><!-- wp:group {\"layout\":{\"type\":\"constrained\"}} --><\/p>\n<div>\n<p><!-- wp:themeisle-blocks\/font-awesome-icons {\"id\":\"wp-block-themeisle-blocks-font-awesome-icons-6b65bff9\",\"prefix\":\"fas\",\"icon\":\"caravan\",\"fontSize\":40,\"textColor\":\"var(\\u002d\\u002dnv-primary-accent)\",\"otterConditions\":[]} --><\/p>\n<div><img loading=\"lazy\" decoding=\"async\" src=\"https:\/\/tussentijddialogen.nl\/wp-content\/uploads\/2024\/02\/destination-150x150.png\" alt=\"\" width=\"150\" height=\"150\" \/><\/div>\n<p><!-- \/wp:themeisle-blocks\/font-awesome-icons --><\/p>\n<p><!-- wp:themeisle-blocks\/advanced-heading {\"id\":\"wp-block-themeisle-blocks-advanced-heading-449f0523\",\"tag\":\"h4\",\"align\":\"center\",\"headingColor\":\"var(\\u002d\\u002dnv-text-color)\",\"marginBottom\":10,\"className\":\"\"} --><\/p>\n<h4>op weg<\/h4>\n<p><!-- \/wp:themeisle-blocks\/advanced-heading --><\/p>\n<p><!-- wp:paragraph {\"align\":\"center\",\"textColor\":\"neve-text-color\"} --><\/p>\n<p>Cre\u00ebren van de juiste voorwaarden<\/p>\n<p><!-- \/wp:paragraph --><\/p>\n<\/div>\n<p><!-- \/wp:group --><\/p>\n<\/div>\n<p><!-- \/wp:themeisle-blocks\/advanced-column --><\/p>\n<\/div>\n<\/div>\n<p><!-- \/wp:themeisle-blocks\/advanced-columns --><\/p>\n<p><!-- wp:themeisle-blocks\/advanced-columns {\"id\":\"wp-block-themeisle-blocks-advanced-columns-5e7b1f83\",\"columns\":1,\"layout\":\"equal\",\"layoutMobile\":\"collapsedRows\",\"padding\":{\"top\":\"80px\",\"bottom\":\"80px\",\"left\":\"20px\",\"right\":\"20px\"},\"paddingTablet\":{\"top\":null,\"bottom\":null,\"left\":null,\"right\":null},\"paddingMobile\":{\"top\":null,\"bottom\":null,\"left\":null,\"right\":null},\"margin\":{\"top\":\"0px\",\"bottom\":\"0px\"},\"marginTablet\":{\"top\":null,\"bottom\":null},\"marginMobile\":{\"top\":null,\"bottom\":null},\"columnsWidth\":1101,\"horizontalAlign\":\"center\",\"backgroundColor\":\"#008080\",\"backgroundPosition\":{\"x\":\"0.00\",\"y\":\"0.00\"},\"backgroundOverlayOpacity\":25,\"backgroundOverlayColor\":\"var(\\u002d\\u002dnv-site-bg)\",\"backgroundOverlayPosition\":{\"x\":\"0.00\",\"y\":\"0.00\"},\"border\":{\"top\":\"0px\",\"bottom\":\"0px\",\"left\":\"0px\",\"right\":\"0px\"},\"borderRadius\":{\"top\":\"0px\",\"bottom\":\"0px\",\"left\":\"0px\",\"right\":\"0px\"},\"align\":\"full\",\"className\":\"has-dark-bg\",\"otterConditions\":[]} --><\/p>\n<div>\n<div>\u00a0<\/div>\n<div>\n<p><!-- wp:themeisle-blocks\/advanced-column {\"id\":\"wp-block-themeisle-blocks-advanced-column-af4007ae\",\"columnWidth\":\"100\",\"className\":\"\"} --><\/p>\n<div>\n<p><!-- wp:themeisle-blocks\/advanced-heading {\"id\":\"wp-block-themeisle-blocks-advanced-heading-b9ef9b7e\",\"align\":\"center\",\"className\":\"\"} --><\/p>\n<h2>meer weten?<\/h2>\n<p><!-- \/wp:themeisle-blocks\/advanced-heading --><\/p>\n<p><!-- wp:paragraph {\"align\":\"center\"} --><\/p>\n<p><a href=\"mailto:elsmolenaar@bloomingorg.nl?subject=Interesse in meer info Tussentijd Dialogen&amp;body=Beste Els, ik kom graag in contact nav je website tussentijddialogen.nl\" data-type=\"mailto\">Neem contact met ons op<\/a> als je nu in actie wilt komen.<\/p>\n<p><!-- \/wp:paragraph --><\/p>\n<\/div>\n<p><!-- \/wp:themeisle-blocks\/advanced-column --><\/p>\n<\/div>\n<\/div>\n<p><!-- \/wp:themeisle-blocks\/advanced-columns --><\/p>\t\t\t\t\t\t\t\t<\/div>\n\t\t\t\t<\/div>\n\t\t\t\t\t<\/div>\n\t\t<\/div>\n\t\t\t\t\t<\/div>\n\t\t<\/section>\n\t\t\t\t<\/div>\n\t\t","protected":false},"excerpt":{"rendered":"<p>\u00a0 De tussentijd is tijd om in actie te komen\u00a0 De Tussentijd is de tijd tussen het oude bekende en het nieuwe onbekende. Een tijd van wel willen maar nog niet helemaal kunnen. Je weet dat je het oude gaat loslaten terwijl nog onzeker is hoe het nieuwe er uit gaat zien. In tijden van&hellip;&nbsp;<a href=\"https:\/\/tussentijddialogen.nl\/?page_id=86\" rel=\"bookmark\">Lees verder &raquo;<span class=\"screen-reader-text\">HOME<\/span><\/a><\/p>\n","protected":false},"author":1,"featured_media":0,"parent":0,"menu_order":0,"comment_status":"closed","ping_status":"closed","template":"page-templates\/template-pagebuilder-full-width.php","meta":{"neve_meta_sidebar":"full-width","neve_meta_container":"","neve_meta_enable_content_width":"on","neve_meta_content_width":100,"neve_meta_title_alignment":"","neve_meta_author_avatar":"","neve_post_elements_order":"","neve_meta_disable_header":"","neve_meta_disable_footer":"","neve_meta_disable_title":"","_themeisle_gutenberg_block_has_review":false,"footnotes":""},"class_list":["post-86","page","type-page","status-publish","hentry"],"_links":{"self":[{"href":"https:\/\/tussentijddialogen.nl\/index.php?rest_route=\/wp\/v2\/pages\/86","targetHints":{"allow":["GET"]}}],"collection":[{"href":"https:\/\/tussentijddialogen.nl\/index.php?rest_route=\/wp\/v2\/pages"}],"about":[{"href":"https:\/\/tussentijddialogen.nl\/index.php?rest_route=\/wp\/v2\/types\/page"}],"author":[{"embeddable":true,"href":"https:\/\/tussentijddialogen.nl\/index.php?rest_route=\/wp\/v2\/users\/1"}],"replies":[{"embeddable":true,"href":"https:\/\/tussentijddialogen.nl\/index.php?rest_route=%2Fwp%2Fv2%2Fcomments&post=86"}],"version-history":[{"count":83,"href":"https:\/\/tussentijddialogen.nl\/index.php?rest_route=\/wp\/v2\/pages\/86\/revisions"}],"predecessor-version":[{"id":361,"href":"https:\/\/tussentijddialogen.nl\/index.php?rest_route=\/wp\/v2\/pages\/86\/revisions\/361"}],"wp:attachment":[{"href":"https:\/\/tussentijddialogen.nl\/index.php?rest_route=%2Fwp%2Fv2%2Fmedia&parent=86"}],"curies":[{"name":"wp","href":"https:\/\/api.w.org\/{rel}","templated":true}]}}